{"id":11004,"date":"2023-06-01T10:22:46","date_gmt":"2023-06-01T10:22:46","guid":{"rendered":"https:\/\/sofnord.com.tn\/?post_type=product&#038;p=11004"},"modified":"2023-06-01T13:49:04","modified_gmt":"2023-06-01T13:49:04","slug":"fer-rond","status":"publish","type":"product","link":"https:\/\/sofnord.com.tn\/fr\/produit\/fer-rond\/","title":{"rendered":"Fer rond"},"content":{"rendered":"","protected":false},"excerpt":{"rendered":"<h6>SofNord vous propose une large gamme de Fer Rond. Disponibles en qualit\u00e9 S 235JRG (ST37) S275JR (ST44) et S355JR (ST52) selon NF EN 10025. Aptitude \u00e0 la galvanisation selon norme NFA 35503. Disponible en longueur 6 m et 12 m. Pour toute demande sp\u00e9cifique merci de nous consulter, notre \u00e9quipe de technico-commerciaux sera \u00e0 votre disposition pour vous donner les meilleures solutions possibles.<\/h6>","protected":false},"featured_media":11005,"template":"","meta":{"_joinchat":[]},"product_cat":[88],"product_tag":[],"class_list":["post-11004","product","type-product","status-publish","has-post-thumbnail","hentry","product_cat-fer-marchands"],"_links":{"self":[{"href":"https:\/\/sofnord.com.tn\/fr\/wp-json\/wp\/v2\/product\/11004","targetHints":{"allow":["GET"]}}],"collection":[{"href":"https:\/\/sofnord.com.tn\/fr\/wp-json\/wp\/v2\/product"}],"about":[{"href":"https:\/\/sofnord.com.tn\/fr\/wp-json\/wp\/v2\/types\/product"}],"wp:featuredmedia":[{"embeddable":true,"href":"https:\/\/sofnord.com.tn\/fr\/wp-json\/wp\/v2\/media\/11005"}],"wp:attachment":[{"href":"https:\/\/sofnord.com.tn\/fr\/wp-json\/wp\/v2\/media?parent=11004"}],"wp:term":[{"taxonomy":"product_cat","embeddable":true,"href":"https:\/\/sofnord.com.tn\/fr\/wp-json\/wp\/v2\/product_cat?post=11004"},{"taxonomy":"product_tag","embeddable":true,"href":"https:\/\/sofnord.com.tn\/fr\/wp-json\/wp\/v2\/product_tag?post=11004"}],"curies":[{"name":"wp","href":"https:\/\/api.w.org\/{rel}","templated":true}]}}