{"id":11012,"date":"2023-06-01T10:24:41","date_gmt":"2023-06-01T10:24:41","guid":{"rendered":"https:\/\/sofnord.com.tn\/?post_type=product&#038;p=11012"},"modified":"2023-06-01T13:53:36","modified_gmt":"2023-06-01T13:53:36","slug":"fer-en-u","status":"publish","type":"product","link":"https:\/\/sofnord.com.tn\/fr\/produit\/fer-en-u\/","title":{"rendered":"Fer en U"},"content":{"rendered":"","protected":false},"excerpt":{"rendered":"<h6>SofNord vous propose une large gamme de Fer U. Ce produit est utilis\u00e9 dans de nombreux domaines de fabrication de coulisses en acier paf, rails et guides de portes en fer, etc. Pour toute demande sp\u00e9cifique, merci de nous consulter, notre \u00e9quipe technico-commerciaux sera \u00e0 votre disposition pour vous donner les meilleures solutions possibles.<\/h6>","protected":false},"featured_media":11013,"template":"","meta":{"_joinchat":[]},"product_cat":[88],"product_tag":[],"class_list":["post-11012","product","type-product","status-publish","has-post-thumbnail","hentry","product_cat-fer-marchands"],"_links":{"self":[{"href":"https:\/\/sofnord.com.tn\/fr\/wp-json\/wp\/v2\/product\/11012","targetHints":{"allow":["GET"]}}],"collection":[{"href":"https:\/\/sofnord.com.tn\/fr\/wp-json\/wp\/v2\/product"}],"about":[{"href":"https:\/\/sofnord.com.tn\/fr\/wp-json\/wp\/v2\/types\/product"}],"wp:featuredmedia":[{"embeddable":true,"href":"https:\/\/sofnord.com.tn\/fr\/wp-json\/wp\/v2\/media\/11013"}],"wp:attachment":[{"href":"https:\/\/sofnord.com.tn\/fr\/wp-json\/wp\/v2\/media?parent=11012"}],"wp:term":[{"taxonomy":"product_cat","embeddable":true,"href":"https:\/\/sofnord.com.tn\/fr\/wp-json\/wp\/v2\/product_cat?post=11012"},{"taxonomy":"product_tag","embeddable":true,"href":"https:\/\/sofnord.com.tn\/fr\/wp-json\/wp\/v2\/product_tag?post=11012"}],"curies":[{"name":"wp","href":"https:\/\/api.w.org\/{rel}","templated":true}]}}