{"id":11018,"date":"2023-06-01T10:28:33","date_gmt":"2023-06-01T10:28:33","guid":{"rendered":"https:\/\/sofnord.com.tn\/?post_type=product&#038;p=11018"},"modified":"2023-06-01T14:01:10","modified_gmt":"2023-06-01T14:01:10","slug":"fer-hea","status":"publish","type":"product","link":"https:\/\/sofnord.com.tn\/fr\/produit\/fer-hea\/","title":{"rendered":"Fer HEA"},"content":{"rendered":"","protected":false},"excerpt":{"rendered":"<h6>SofNord vous propose une large gamme de poutrelles HEA disponibles en qualit\u00e9 S 235 JRG (ST37) S275JRG2 et S 355J2G3 selon NF EN 10025 avec aptitude \u00e0 la galvanisation. Disponibles en longueurs m\u00e9triques de 6. 12.10 et 15.10 m\u00e8tres. Certificat 2.2 ou 3.1 B selon NF 10204. Pour toute demande sp\u00e9cifique merci de nous consulter, notre \u00e9quipe de technico-commerciaux sera \u00e0 votre disposition pour vous donner les meilleures solutions possibles.<\/h6>\n<p>&nbsp;<\/p>","protected":false},"featured_media":11019,"template":"","meta":{"_joinchat":[]},"product_cat":[89],"product_tag":[],"class_list":["post-11018","product","type-product","status-publish","has-post-thumbnail","hentry","product_cat-poutrelles"],"_links":{"self":[{"href":"https:\/\/sofnord.com.tn\/fr\/wp-json\/wp\/v2\/product\/11018","targetHints":{"allow":["GET"]}}],"collection":[{"href":"https:\/\/sofnord.com.tn\/fr\/wp-json\/wp\/v2\/product"}],"about":[{"href":"https:\/\/sofnord.com.tn\/fr\/wp-json\/wp\/v2\/types\/product"}],"wp:featuredmedia":[{"embeddable":true,"href":"https:\/\/sofnord.com.tn\/fr\/wp-json\/wp\/v2\/media\/11019"}],"wp:attachment":[{"href":"https:\/\/sofnord.com.tn\/fr\/wp-json\/wp\/v2\/media?parent=11018"}],"wp:term":[{"taxonomy":"product_cat","embeddable":true,"href":"https:\/\/sofnord.com.tn\/fr\/wp-json\/wp\/v2\/product_cat?post=11018"},{"taxonomy":"product_tag","embeddable":true,"href":"https:\/\/sofnord.com.tn\/fr\/wp-json\/wp\/v2\/product_tag?post=11018"}],"curies":[{"name":"wp","href":"https:\/\/api.w.org\/{rel}","templated":true}]}}